{"id":6628,"date":"2023-12-18T12:18:13","date_gmt":"2023-12-18T12:18:13","guid":{"rendered":"https:\/\/the-french-keys.com\/informacion-legal\/"},"modified":"2025-03-14T14:55:07","modified_gmt":"2025-03-14T14:55:07","slug":"informacion-legal","status":"publish","type":"page","link":"https:\/\/the-french-keys.com\/es\/informacion-legal\/","title":{"rendered":"Informaci\u00f3n legal"},"content":{"rendered":"\t\t<div data-elementor-type=\"wp-post\" data-elementor-id=\"6628\" class=\"elementor elementor-6628 elementor-1978\" data-elementor-post-type=\"page\">\n\t\t\t\t<div class=\"elementor-element elementor-element-b82b47e e-flex e-con-boxed e-con e-parent\" data-id=\"b82b47e\" data-element_type=\"container\">\n\t\t\t\t\t<div class=\"e-con-inner\">\n\t\t\t\t<div class=\"elementor-element elementor-element-533f621 de_scroll_animation_no elementor-widget elementor-widget-heading\" data-id=\"533f621\" data-element_type=\"widget\" data-widget_type=\"heading.default\">\n\t\t\t\t<div class=\"elementor-widget-container\">\n\t\t\t\t\t<h2 class=\"elementor-heading-title elementor-size-default\">Aviso legal<\/h2>\t\t\t\t<\/div>\n\t\t\t\t<\/div>\n\t\t\t\t<div class=\"elementor-element elementor-element-45d5696 de_scroll_animation_no elementor-widget elementor-widget-text-editor\" data-id=\"45d5696\" data-element_type=\"widget\" data-widget_type=\"text-editor.default\">\n\t\t\t\t<div class=\"elementor-widget-container\">\n\t\t\t\t\t\t\t\t\t<p class=\"font_8\"><span class=\"color_16\">Las Llaves Francesas es un sitio editado por la sociedad BLAISE SASU, con capital de 1.000 euros, inscrita en el Registro Mercantil y de Sociedades de Par\u00eds con el n\u00famero 814 288 189 y con domicilio social en 43 rue de S\u00e8vres, 75006 Par\u00eds.<\/span><\/p><p class=\"font_8\"><span class=\"color_16\">Director de la publicaci\u00f3n: Sr. Olivier BLAISE &#8211; Para ponerte en contacto con \u00e9l, escribe a: <a href=\"mailto:olivier@parees.fr\" target=\"_self\">olivier@the-french-keys.com<\/a><\/span><\/p><p class=\"font_8\"><span class=\"color_16\">Puedes ponerte en contacto con la empresa en el tel\u00e9fono 01 43 22 99 16.<\/span><\/p><p class=\"font_8\"><span class=\"color_16\"><span class=\"s1\">El sitio est\u00e1 alojado en Hover (en lo sucesivo, \u00abel anfitri\u00f3n\u00bb):  <\/span><\/span><\/p><p class=\"font_8\">Hover, un servicio de Tucows<br>96 Mowat Avenue<br>Toronto, Ontario<br>M6K 3M1<br>CANADA<br>(Attention: Office of the Data Protection Officer)<\/p><p>DPO@tucows.com<\/p><p class=\"font_8\"><span class=\"color_16\">El sitio web <a href=\"https:\/\/the-french-keys.com\/es\/\" target=\"_blank\" rel=\"noopener\">https:\/\/the-french-keys.com<\/a> (el Sitio) es propiedad exclusiva de BLAISE SASU.<\/span><\/p>\t\t\t\t\t\t\t\t<\/div>\n\t\t\t\t<\/div>\n\t\t\t\t\t<\/div>\n\t\t\t\t<\/div>\n\t\t\t\t<\/div>\n\t\t","protected":false},"excerpt":{"rendered":"<p>Aviso legal Las Llaves Francesas es un sitio editado por la sociedad BLAISE SASU, con capital de 1.000 euros, inscrita en el Registro Mercantil y de Sociedades de Par\u00eds con el n\u00famero 814 288 189 y con domicilio social en 43 rue de S\u00e8vres, 75006 Par\u00eds. Director de la publicaci\u00f3n: Sr. Olivier BLAISE &#8211; Para [&hellip;]<\/p>\n","protected":false},"author":1,"featured_media":0,"parent":0,"menu_order":0,"comment_status":"closed","ping_status":"closed","template":"","meta":{"footnotes":""},"class_list":["post-6628","page","type-page","status-publish","hentry"],"aioseo_notices":[],"_links":{"self":[{"href":"https:\/\/the-french-keys.com\/es\/wp-json\/wp\/v2\/pages\/6628","targetHints":{"allow":["GET"]}}],"collection":[{"href":"https:\/\/the-french-keys.com\/es\/wp-json\/wp\/v2\/pages"}],"about":[{"href":"https:\/\/the-french-keys.com\/es\/wp-json\/wp\/v2\/types\/page"}],"author":[{"embeddable":true,"href":"https:\/\/the-french-keys.com\/es\/wp-json\/wp\/v2\/users\/1"}],"replies":[{"embeddable":true,"href":"https:\/\/the-french-keys.com\/es\/wp-json\/wp\/v2\/comments?post=6628"}],"version-history":[{"count":2,"href":"https:\/\/the-french-keys.com\/es\/wp-json\/wp\/v2\/pages\/6628\/revisions"}],"predecessor-version":[{"id":6631,"href":"https:\/\/the-french-keys.com\/es\/wp-json\/wp\/v2\/pages\/6628\/revisions\/6631"}],"wp:attachment":[{"href":"https:\/\/the-french-keys.com\/es\/wp-json\/wp\/v2\/media?parent=6628"}],"curies":[{"name":"wp","href":"https:\/\/api.w.org\/{rel}","templated":true}]}}