{"id":6624,"date":"2024-01-16T14:31:42","date_gmt":"2024-01-16T14:31:42","guid":{"rendered":"https:\/\/the-french-keys.com\/valutazione-della-proprieta\/"},"modified":"2025-03-29T11:38:20","modified_gmt":"2025-03-29T11:38:20","slug":"valutazione-della-proprieta","status":"publish","type":"page","link":"https:\/\/the-french-keys.com\/it\/valutazione-della-proprieta\/","title":{"rendered":"Valutazione della propriet\u00e0"},"content":{"rendered":"\t\t<div data-elementor-type=\"wp-page\" data-elementor-id=\"6624\" class=\"elementor elementor-6624 elementor-2171\" data-elementor-post-type=\"page\">\n\t\t\t\t\t\t<section class=\"elementor-section elementor-top-section elementor-element elementor-element-48a383ca elementor-section-boxed elementor-section-height-default elementor-section-height-default\" data-id=\"48a383ca\" data-element_type=\"section\" data-settings=\"{&quot;background_background&quot;:&quot;classic&quot;}\">\n\t\t\t\t\t\t\t<div class=\"elementor-background-overlay\"><\/div>\n\t\t\t\t\t\t\t<div class=\"elementor-container elementor-column-gap-default\">\n\t\t\t\t\t<div class=\"elementor-column elementor-col-100 elementor-top-column elementor-element elementor-element-2d234b6b\" data-id=\"2d234b6b\" data-element_type=\"column\">\n\t\t\t<div class=\"elementor-widget-wrap elementor-element-populated\">\n\t\t\t\t\t\t<div class=\"elementor-element elementor-element-54b696c7 de_scroll_animation_no elementor-widget elementor-widget-heading\" data-id=\"54b696c7\" data-element_type=\"widget\" data-widget_type=\"heading.default\">\n\t\t\t\t<div class=\"elementor-widget-container\">\n\t\t\t\t\t<h1 class=\"elementor-heading-title elementor-size-default\">Stimare il valore della tua propriet\u00e0<\/h1>\t\t\t\t<\/div>\n\t\t\t\t<\/div>\n\t\t\t\t<div class=\"elementor-element elementor-element-a8a2fe8 de_scroll_animation_no elementor-widget elementor-widget-text-editor\" data-id=\"a8a2fe8\" data-element_type=\"widget\" data-widget_type=\"text-editor.default\">\n\t\t\t\t<div class=\"elementor-widget-container\">\n\t\t\t\t\t\t\t\t\t<p>Conoscere il valore della tua propriet\u00e0 \u00e8 fondamentale, sia che tu stia pensando di venderla, affittarla o semplicemente ottenere informazioni.<\/p>\t\t\t\t\t\t\t\t<\/div>\n\t\t\t\t<\/div>\n\t\t\t\t\t<\/div>\n\t\t<\/div>\n\t\t\t\t\t<\/div>\n\t\t<\/section>\n\t\t<div class=\"elementor-element elementor-element-b0f9baf e-flex e-con-boxed e-con e-parent\" data-id=\"b0f9baf\" data-element_type=\"container\">\n\t\t\t\t\t<div class=\"e-con-inner\">\n\t\t\t\t<div class=\"elementor-element elementor-element-8c7c520 de_scroll_animation_no elementor-widget elementor-widget-heading\" data-id=\"8c7c520\" data-element_type=\"widget\" data-widget_type=\"heading.default\">\n\t\t\t\t<div class=\"elementor-widget-container\">\n\t\t\t\t\t<h2 class=\"elementor-heading-title elementor-size-default\">Modulo di stima<\/h2>\t\t\t\t<\/div>\n\t\t\t\t<\/div>\n\t\t\t\t<div class=\"elementor-element elementor-element-9ba055d de_scroll_animation_no elementor-widget elementor-widget-eael-typeform\" data-id=\"9ba055d\" data-element_type=\"widget\" data-widget_type=\"eael-typeform.default\">\n\t\t\t\t<div class=\"elementor-widget-container\">\n\t\t\t\t\t<div data-typeform=\"{&quot;url&quot;:&quot;https:\\\/\\\/7t7ud9g0bb3.typeform.com\\\/to\\\/zdkAe53o&quot;,&quot;hideFooter&quot;:false,&quot;hideHeaders&quot;:false,&quot;opacity&quot;:50}\" id=\"eael-type-form-9ba055d\" class=\"eael-typeform clearfix fs_wp_sidebar fsBody eael-contact-form eael-typeform-align-default\"><\/div>\t\t\t\t<\/div>\n\t\t\t\t<\/div>\n\t\t\t\t\t<\/div>\n\t\t\t\t<\/div>\n\t\t<div class=\"elementor-element elementor-element-316ff5d e-flex e-con-boxed e-con e-parent\" data-id=\"316ff5d\" data-element_type=\"container\">\n\t\t\t\t\t<div class=\"e-con-inner\">\n\t\t\t\t<div class=\"elementor-element elementor-element-a0dfa6d de_scroll_animation_no elementor-widget elementor-widget-text-editor\" data-id=\"a0dfa6d\" data-element_type=\"widget\" data-widget_type=\"text-editor.default\">\n\t\t\t\t<div class=\"elementor-widget-container\">\n\t\t\t\t\t\t\t\t\t<p><strong>Riservatezza e impegno:<\/strong> Le tue informazioni sono trattate in modo confidenziale, in conformit\u00e0 con la nostra politica di riservatezza. Ci impegniamo a fornirti una valutazione accurata e a supportarti durante l&#8217;intero processo immobiliare. <\/p><p>Scegli The French Keys per la valutazione del tuo immobile. Compila il modulo qui sopra e inizia il tuo viaggio verso una valutazione accurata del tuo immobile. <\/p>\t\t\t\t\t\t\t\t<\/div>\n\t\t\t\t<\/div>\n\t\t\t\t\t<\/div>\n\t\t\t\t<\/div>\n\t\t\t\t<section class=\"elementor-section elementor-top-section elementor-element elementor-element-567ec48 elementor-section-boxed elementor-section-height-default elementor-section-height-default elementor-invisible\" data-id=\"567ec48\" data-element_type=\"section\" data-settings=\"{&quot;animation&quot;:&quot;fadeInUp&quot;,&quot;background_background&quot;:&quot;classic&quot;}\">\n\t\t\t\t\t\t<div class=\"elementor-container elementor-column-gap-no\">\n\t\t\t\t\t<div class=\"elementor-column elementor-col-50 elementor-top-column elementor-element elementor-element-f0c9fee\" data-id=\"f0c9fee\" data-element_type=\"column\">\n\t\t\t<div class=\"elementor-widget-wrap elementor-element-populated\">\n\t\t\t\t\t\t<div class=\"elementor-element elementor-element-7f8eae3f elementor-hidden-mobile de_scroll_animation_no elementor-widget elementor-widget-image\" data-id=\"7f8eae3f\" data-element_type=\"widget\" data-widget_type=\"image.default\">\n\t\t\t\t<div class=\"elementor-widget-container\">\n\t\t\t\t\t\t\t\t\t\t\t\t\t\t\t<img decoding=\"async\" src=\"https:\/\/the-french-keys.com\/wp-content\/uploads\/2023\/10\/AdobeStock_392983399-scaled.jpeg\" title=\"Wall mockup in white clear hallway interior, 3d render\" alt=\"Wall mockup in white clear hallway interior, 3d render\" class=\"elementor-animation-grow\" loading=\"lazy\" \/>\t\t\t\t\t\t\t\t\t\t\t\t\t\t\t<\/div>\n\t\t\t\t<\/div>\n\t\t\t\t<div class=\"elementor-element elementor-element-415d5b15 de_scroll_animation_no elementor-widget elementor-widget-image\" data-id=\"415d5b15\" data-element_type=\"widget\" data-widget_type=\"image.default\">\n\t\t\t\t<div class=\"elementor-widget-container\">\n\t\t\t\t\t\t\t\t\t\t\t\t\t\t\t<img decoding=\"async\" src=\"https:\/\/the-french-keys.com\/wp-content\/uploads\/2023\/10\/AdobeStock_629484777-scaled.jpeg\" title=\"This minimalistic living room, featuring a cozy wooden couch, a modern table, an indoor plant, and other elegant furniture, creates a warm and inviting atmosphere that is perfect for both entertainin\" alt=\"This minimalistic living room, featuring a cozy wooden couch, a modern table, an indoor plant, and other elegant furniture, creates a warm and inviting atmosphere that is perfect for both entertainin\" class=\"elementor-animation-grow\" loading=\"lazy\" \/>\t\t\t\t\t\t\t\t\t\t\t\t\t\t\t<\/div>\n\t\t\t\t<\/div>\n\t\t\t\t\t<\/div>\n\t\t<\/div>\n\t\t\t\t<div class=\"elementor-column elementor-col-50 elementor-top-column elementor-element elementor-element-7ea5d157\" data-id=\"7ea5d157\" data-element_type=\"column\">\n\t\t\t<div class=\"elementor-widget-wrap elementor-element-populated\">\n\t\t\t\t\t\t<div class=\"elementor-element elementor-element-306c6f5a de_scroll_animation_no elementor-widget elementor-widget-image\" data-id=\"306c6f5a\" data-element_type=\"widget\" data-widget_type=\"image.default\">\n\t\t\t\t<div class=\"elementor-widget-container\">\n\t\t\t\t\t\t\t\t\t\t\t\t\t\t\t<img fetchpriority=\"high\" decoding=\"async\" width=\"800\" height=\"516\" src=\"https:\/\/the-french-keys.com\/wp-content\/uploads\/2024\/01\/TFK_RVB_PICTO_AGENCE-IMMOBILIERE_VERT-1024x660.png\" class=\"attachment-large size-large wp-image-6672\" alt=\"\" srcset=\"https:\/\/the-french-keys.com\/wp-content\/uploads\/2024\/01\/TFK_RVB_PICTO_AGENCE-IMMOBILIERE_VERT-1024x660.png 1024w, https:\/\/the-french-keys.com\/wp-content\/uploads\/2024\/01\/TFK_RVB_PICTO_AGENCE-IMMOBILIERE_VERT-300x193.png 300w, https:\/\/the-french-keys.com\/wp-content\/uploads\/2024\/01\/TFK_RVB_PICTO_AGENCE-IMMOBILIERE_VERT-768x495.png 768w, https:\/\/the-french-keys.com\/wp-content\/uploads\/2024\/01\/TFK_RVB_PICTO_AGENCE-IMMOBILIERE_VERT-1536x990.png 1536w, https:\/\/the-french-keys.com\/wp-content\/uploads\/2024\/01\/TFK_RVB_PICTO_AGENCE-IMMOBILIERE_VERT.png 1834w\" sizes=\"(max-width: 800px) 100vw, 800px\" \/>\t\t\t\t\t\t\t\t\t\t\t\t\t\t\t<\/div>\n\t\t\t\t<\/div>\n\t\t\t\t<div class=\"elementor-element elementor-element-130c6d96 de_scroll_animation_no elementor-widget elementor-widget-heading\" data-id=\"130c6d96\" data-element_type=\"widget\" data-widget_type=\"heading.default\">\n\t\t\t\t<div class=\"elementor-widget-container\">\n\t\t\t\t\t<h4 class=\"elementor-heading-title elementor-size-default\">L'Agenzia<\/h4>\t\t\t\t<\/div>\n\t\t\t\t<\/div>\n\t\t\t\t<div class=\"elementor-element elementor-element-6c475feb elementor-widget__width-initial de_scroll_animation_no elementor-widget elementor-widget-text-editor\" data-id=\"6c475feb\" data-element_type=\"widget\" data-widget_type=\"text-editor.default\">\n\t\t\t\t<div class=\"elementor-widget-container\">\n\t\t\t\t\t\t\t\t\t<p>Se stai cercando di vendere la tua propriet\u00e0 di lusso, la nostra pagina dell&#8217;<strong>agenzia immobiliare<\/strong> ti mostrer\u00e0 come utilizziamo la nostra esperienza di marketing e la nostra rete per garantire una transazione di successo.<\/p>\t\t\t\t\t\t\t\t<\/div>\n\t\t\t\t<\/div>\n\t\t\t\t<div class=\"elementor-element elementor-element-44b2921c de_scroll_animation_no elementor-widget elementor-widget-button\" data-id=\"44b2921c\" data-element_type=\"widget\" data-widget_type=\"button.default\">\n\t\t\t\t<div class=\"elementor-widget-container\">\n\t\t\t\t\t\t\t\t\t<div class=\"elementor-button-wrapper\">\n\t\t\t\t\t<a class=\"elementor-button elementor-button-link elementor-size-sm\" href=\"https:\/\/the-french-keys.com\/agence-immobiliere\/\">\n\t\t\t\t\t\t<span class=\"elementor-button-content-wrapper\">\n\t\t\t\t\t\t\t\t\t<span class=\"elementor-button-text\">Per saperne di pi\u00f9<\/span>\n\t\t\t\t\t<\/span>\n\t\t\t\t\t<\/a>\n\t\t\t\t<\/div>\n\t\t\t\t\t\t\t\t<\/div>\n\t\t\t\t<\/div>\n\t\t\t\t<div class=\"elementor-element elementor-element-2bbf08d3 de_scroll_animation_no elementor-widget elementor-widget-image\" data-id=\"2bbf08d3\" data-element_type=\"widget\" data-widget_type=\"image.default\">\n\t\t\t\t<div class=\"elementor-widget-container\">\n\t\t\t\t\t\t\t\t\t\t\t\t\t\t\t<img decoding=\"async\" width=\"800\" height=\"516\" src=\"https:\/\/the-french-keys.com\/wp-content\/uploads\/2024\/01\/TFK_RVB_PICTO_CONCIERGERIE_VERT-1-1024x660.png\" class=\"attachment-large size-large wp-image-6671\" alt=\"\" srcset=\"https:\/\/the-french-keys.com\/wp-content\/uploads\/2024\/01\/TFK_RVB_PICTO_CONCIERGERIE_VERT-1-1024x660.png 1024w, https:\/\/the-french-keys.com\/wp-content\/uploads\/2024\/01\/TFK_RVB_PICTO_CONCIERGERIE_VERT-1-300x193.png 300w, https:\/\/the-french-keys.com\/wp-content\/uploads\/2024\/01\/TFK_RVB_PICTO_CONCIERGERIE_VERT-1-768x495.png 768w, https:\/\/the-french-keys.com\/wp-content\/uploads\/2024\/01\/TFK_RVB_PICTO_CONCIERGERIE_VERT-1-1536x990.png 1536w, https:\/\/the-french-keys.com\/wp-content\/uploads\/2024\/01\/TFK_RVB_PICTO_CONCIERGERIE_VERT-1.png 1834w\" sizes=\"(max-width: 800px) 100vw, 800px\" \/>\t\t\t\t\t\t\t\t\t\t\t\t\t\t\t<\/div>\n\t\t\t\t<\/div>\n\t\t\t\t<div class=\"elementor-element elementor-element-64bed44a de_scroll_animation_no elementor-widget elementor-widget-heading\" data-id=\"64bed44a\" data-element_type=\"widget\" data-widget_type=\"heading.default\">\n\t\t\t\t<div class=\"elementor-widget-container\">\n\t\t\t\t\t<h4 class=\"elementor-heading-title elementor-size-default\">La Conciergerie<\/h4>\t\t\t\t<\/div>\n\t\t\t\t<\/div>\n\t\t\t\t<div class=\"elementor-element elementor-element-b8d3526 elementor-widget__width-initial de_scroll_animation_no elementor-widget elementor-widget-text-editor\" data-id=\"b8d3526\" data-element_type=\"widget\" data-widget_type=\"text-editor.default\">\n\t\t\t\t<div class=\"elementor-widget-container\">\n\t\t\t\t\t\t\t\t\t<p>Se sei un proprietario che sta cercando di affittare o vendere la sua propriet\u00e0, la nostra pagina dedicata <strong>al Property Concierge<\/strong> ti spiegher\u00e0 come il nostro team di esperti pu\u00f2 gestire ogni aspetto della locazione, dalle pulizie al check-in, offrendo ai tuoi ospiti un&#8217;esperienza senza soluzione di continuit\u00e0.<\/p>\t\t\t\t\t\t\t\t<\/div>\n\t\t\t\t<\/div>\n\t\t\t\t<div class=\"elementor-element elementor-element-74a28114 de_scroll_animation_no elementor-widget elementor-widget-button\" data-id=\"74a28114\" data-element_type=\"widget\" data-widget_type=\"button.default\">\n\t\t\t\t<div class=\"elementor-widget-container\">\n\t\t\t\t\t\t\t\t\t<div class=\"elementor-button-wrapper\">\n\t\t\t\t\t<a class=\"elementor-button elementor-button-link elementor-size-sm\" href=\"https:\/\/the-french-keys.com\/proprietaire\/\">\n\t\t\t\t\t\t<span class=\"elementor-button-content-wrapper\">\n\t\t\t\t\t\t\t\t\t<span class=\"elementor-button-text\">Per saperne di pi\u00f9<\/span>\n\t\t\t\t\t<\/span>\n\t\t\t\t\t<\/a>\n\t\t\t\t<\/div>\n\t\t\t\t\t\t\t\t<\/div>\n\t\t\t\t<\/div>\n\t\t\t\t\t<\/div>\n\t\t<\/div>\n\t\t\t\t\t<\/div>\n\t\t<\/section>\n\t\t\t\t<section class=\"elementor-section elementor-top-section elementor-element elementor-element-11df5b14 elementor-section-height-min-height elementor-section-boxed elementor-section-height-default elementor-section-items-middle\" data-id=\"11df5b14\" data-element_type=\"section\" data-settings=\"{&quot;background_background&quot;:&quot;classic&quot;}\">\n\t\t\t\t\t\t\t<div class=\"elementor-background-overlay\"><\/div>\n\t\t\t\t\t\t\t<div class=\"elementor-container elementor-column-gap-default\">\n\t\t\t\t\t<div class=\"elementor-column elementor-col-100 elementor-top-column elementor-element elementor-element-2d354018\" data-id=\"2d354018\" data-element_type=\"column\">\n\t\t\t<div class=\"elementor-widget-wrap elementor-element-populated\">\n\t\t\t\t\t\t<div class=\"elementor-element elementor-element-b61bb3d de_scroll_animation_no elementor-widget elementor-widget-heading\" data-id=\"b61bb3d\" data-element_type=\"widget\" data-widget_type=\"heading.default\">\n\t\t\t\t<div class=\"elementor-widget-container\">\n\t\t\t\t\t<h3 class=\"elementor-heading-title elementor-size-default\">Contattaci oggi stesso<\/h3>\t\t\t\t<\/div>\n\t\t\t\t<\/div>\n\t\t\t\t<section class=\"elementor-section elementor-inner-section elementor-element elementor-element-3bfcba05 elementor-section-boxed elementor-section-height-default elementor-section-height-default\" data-id=\"3bfcba05\" data-element_type=\"section\" data-settings=\"{&quot;background_background&quot;:&quot;classic&quot;}\">\n\t\t\t\t\t\t<div class=\"elementor-container elementor-column-gap-default\">\n\t\t\t\t\t<div class=\"elementor-column elementor-col-100 elementor-inner-column elementor-element elementor-element-3a60cf6b\" data-id=\"3a60cf6b\" data-element_type=\"column\">\n\t\t\t<div class=\"elementor-widget-wrap elementor-element-populated\">\n\t\t\t\t\t\t<div class=\"elementor-element elementor-element-ae48e5d elementor-button-align-stretch de_scroll_animation_no elementor-widget elementor-widget-form\" data-id=\"ae48e5d\" data-element_type=\"widget\" data-settings=\"{&quot;step_next_label&quot;:&quot;Avanti&quot;,&quot;step_previous_label&quot;:&quot;Precedente&quot;,&quot;button_width&quot;:&quot;100&quot;,&quot;step_type&quot;:&quot;number_text&quot;,&quot;step_icon_shape&quot;:&quot;circle&quot;}\" data-widget_type=\"form.default\">\n\t\t\t\t<div class=\"elementor-widget-container\">\n\t\t\t\t\t\t\t<form class=\"elementor-form\" method=\"post\" name=\"Nuovo modulo\" aria-label=\"Nuovo modulo\">\n\t\t\t<input type=\"hidden\" name=\"post_id\" value=\"6624\"\/>\n\t\t\t<input type=\"hidden\" name=\"form_id\" value=\"ae48e5d\"\/>\n\t\t\t<input type=\"hidden\" name=\"referer_title\" value=\"\" \/>\n\n\t\t\t\n\t\t\t<div class=\"elementor-form-fields-wrapper elementor-labels-\">\n\t\t\t\t\t\t\t\t<div class=\"elementor-field-type-text elementor-field-group elementor-column elementor-field-group-name elementor-col-100\">\n\t\t\t\t\t\t\t\t\t\t\t\t\t<input size=\"1\" type=\"text\" name=\"form_fields[name]\" id=\"form-field-name\" class=\"elementor-field elementor-size-md  elementor-field-textual\" placeholder=\"Nome\">\n\t\t\t\t\t\t\t\t\t\t\t<\/div>\n\t\t\t\t\t\t\t\t<div class=\"elementor-field-type-email elementor-field-group elementor-column elementor-field-group-email elementor-col-100 elementor-field-required\">\n\t\t\t\t\t\t\t\t\t\t\t\t\t<input size=\"1\" type=\"email\" name=\"form_fields[email]\" id=\"form-field-email\" class=\"elementor-field elementor-size-md  elementor-field-textual\" placeholder=\"Email\" required=\"required\">\n\t\t\t\t\t\t\t\t\t\t\t<\/div>\n\t\t\t\t\t\t\t\t<div class=\"elementor-field-type-textarea elementor-field-group elementor-column elementor-field-group-message elementor-col-100 elementor-field-required\">\n\t\t\t\t\t<textarea class=\"elementor-field-textual elementor-field  elementor-size-md\" name=\"form_fields[message]\" id=\"form-field-message\" rows=\"4\" placeholder=\"Messaggio\" required=\"required\"><\/textarea>\t\t\t\t<\/div>\n\t\t\t\t\t\t\t\t<div class=\"elementor-field-type-tel elementor-field-group elementor-column elementor-field-group-field_46a7874 elementor-col-100\">\n\t\t\t\t\t\t\t<input size=\"1\" type=\"tel\" name=\"form_fields[field_46a7874]\" id=\"form-field-field_46a7874\" class=\"elementor-field elementor-size-md  elementor-field-textual\" placeholder=\"Telefono\" pattern=\"[0-9()#&amp;+*-=.]+\" title=\"Sono accettati solo numeri e caratteri telefonici (#, -, *, ecc.).\">\n\n\t\t\t\t\t\t<\/div>\n\t\t\t\t\t\t\t\t<div class=\"elementor-field-type-recaptcha elementor-field-group elementor-column elementor-field-group-field_c42c579 elementor-col-100\">\n\t\t\t\t\t<div class=\"elementor-field\" id=\"form-field-field_c42c579\"><div class=\"elementor-g-recaptcha\" data-sitekey=\"6Lf731QpAAAAAMwpQNM8D-TkdPq_jJLXXjO2HJKP\" data-type=\"v2_checkbox\" data-theme=\"light\" data-size=\"compact\"><\/div><\/div>\t\t\t\t<\/div>\n\t\t\t\t\t\t\t\t<div class=\"elementor-field-group elementor-column elementor-field-type-submit elementor-col-100 e-form__buttons\">\n\t\t\t\t\t<button class=\"elementor-button elementor-size-sm\" type=\"submit\">\n\t\t\t\t\t\t<span class=\"elementor-button-content-wrapper\">\n\t\t\t\t\t\t\t\t\t\t\t\t\t\t\t<span class=\"elementor-button-icon\">\n\t\t\t\t\t\t\t\t\t<i class=\"fa fa-envelope\" aria-hidden=\"true\"><\/i>\t\t\t\t\t\t\t\t\t\t\t\t\t\t\t\t\t<\/span>\n\t\t\t\t\t\t\t\t\t\t\t\t\t\t\t\t\t\t\t\t\t\t<span class=\"elementor-button-text\">Invia<\/span>\n\t\t\t\t\t\t\t\t\t\t\t\t\t<\/span>\n\t\t\t\t\t<\/button>\n\t\t\t\t<\/div>\n\t\t\t<\/div>\n\t\t<\/form>\n\t\t\t\t\t\t<\/div>\n\t\t\t\t<\/div>\n\t\t\t\t<div class=\"elementor-element elementor-element-5b3758e7 de_scroll_animation_no elementor-widget elementor-widget-text-editor\" data-id=\"5b3758e7\" data-element_type=\"widget\" data-widget_type=\"text-editor.default\">\n\t\t\t\t<div class=\"elementor-widget-container\">\n\t\t\t\t\t\t\t\t\t<p>The French Keys tratta i tuoi dati personali per contattarti in base alle tue richieste e per fornirti comunicazioni commerciali personalizzate via e-mail.<\/p>\t\t\t\t\t\t\t\t<\/div>\n\t\t\t\t<\/div>\n\t\t\t\t\t<\/div>\n\t\t<\/div>\n\t\t\t\t\t<\/div>\n\t\t<\/section>\n\t\t\t\t\t<\/div>\n\t\t<\/div>\n\t\t\t\t\t<\/div>\n\t\t<\/section>\n\t\t\t\t<\/div>\n\t\t","protected":false},"excerpt":{"rendered":"<p>Stimare il valore della tua propriet\u00e0 Conoscere il valore della tua propriet\u00e0 \u00e8 fondamentale, sia che tu stia pensando di venderla, affittarla o semplicemente ottenere informazioni. Modulo di stima Riservatezza e impegno: Le tue informazioni sono trattate in modo confidenziale, in conformit\u00e0 con la nostra politica di riservatezza. Ci impegniamo a fornirti una valutazione accurata [&hellip;]<\/p>\n","protected":false},"author":1,"featured_media":0,"parent":0,"menu_order":0,"comment_status":"closed","ping_status":"closed","template":"elementor_header_footer","meta":{"footnotes":""},"class_list":["post-6624","page","type-page","status-publish","hentry"],"aioseo_notices":[],"_links":{"self":[{"href":"https:\/\/the-french-keys.com\/it\/wp-json\/wp\/v2\/pages\/6624","targetHints":{"allow":["GET"]}}],"collection":[{"href":"https:\/\/the-french-keys.com\/it\/wp-json\/wp\/v2\/pages"}],"about":[{"href":"https:\/\/the-french-keys.com\/it\/wp-json\/wp\/v2\/types\/page"}],"author":[{"embeddable":true,"href":"https:\/\/the-french-keys.com\/it\/wp-json\/wp\/v2\/users\/1"}],"replies":[{"embeddable":true,"href":"https:\/\/the-french-keys.com\/it\/wp-json\/wp\/v2\/comments?post=6624"}],"version-history":[{"count":2,"href":"https:\/\/the-french-keys.com\/it\/wp-json\/wp\/v2\/pages\/6624\/revisions"}],"predecessor-version":[{"id":6630,"href":"https:\/\/the-french-keys.com\/it\/wp-json\/wp\/v2\/pages\/6624\/revisions\/6630"}],"wp:attachment":[{"href":"https:\/\/the-french-keys.com\/it\/wp-json\/wp\/v2\/media?parent=6624"}],"curies":[{"name":"wp","href":"https:\/\/api.w.org\/{rel}","templated":true}]}}